{"id":1826,"date":"2022-09-14T02:12:22","date_gmt":"2022-09-14T06:12:22","guid":{"rendered":"https:\/\/alprospecta.cl\/nosotros-copia\/"},"modified":"2023-09-25T20:38:04","modified_gmt":"2023-09-26T00:38:04","slug":"cursosyeventos","status":"publish","type":"page","link":"https:\/\/alprospecta.cl\/en\/cursosyeventos\/","title":{"rendered":"Courses &amp; Events"},"content":{"rendered":"<div class=\"brz-root__container brz-reset-all\">\n<section data-uid=\"xookkwrriehxkeuijjacdkmbbasjehpuvwzj\" id=\"xookkwrriehxkeuijjacdkmbbasjehpuvwzj\" name=\"xookkwrriehxkeuijjacdkmbbasjehpuvwzj\" class=\"brz-section brz-css-vbukj\">\n<div class=\"brz-section__content brz-section--boxed brz-css-mkibe brz-css-auprc\" data-custom-id=\"tegbiybvxxumcsnpbknxewaodlmoabfhovte\">\n<div class=\"brz-bg overflow-hidden !z-auto absolute top-0 left-0 w-full h-full\">\n<div class=\"brz-bg-image absolute left-0 w-full bg-no-repeat top-0 h-full bg-cover\"><\/div>\n<div class=\"brz-bg-color absolute top-0 left-0 w-full h-full\"><\/div>\n<\/div>\n<div class=\"brz-container brz-css-ewqve\">\n<div class=\"brz-row__container brz-css-aeayk\" data-custom-id=\"gnyniftuakrueanlcywsbhelskkgktuibfaw\">\n<div class=\"brz-bg overflow-hidden !z-auto absolute top-0 left-0 w-full h-full\"><\/div>\n<div class=\"brz-row brz-css-aizyu\">\n<div class=\"brz-columns brz-css-ikrow brz-css-vptxc\" data-custom-id=\"pjgwihlshdiszroroorhtpvvtwzwxsohnvdk\">\n<div class=\"brz-bg overflow-hidden !z-auto absolute top-0 left-0 w-full h-full\"><\/div>\n<div class=\"brz-column__items brz-css-gidiz\">\n<div data-iteration-count=\"1\" class=\"brz-css-xdtgw brz-wrapper brz-animated brz-css-jmtyb brz-css-tjpwg\" data-animationid=\"mwoubrtjatakogyvgfmpcxzwyqtcnvfjqrpn\">\n<div class=\"brz-rich-text brz-rich-text__custom brz-css-zrmnk\" data-custom-id=\"osnetzwanfskfrdtlpvvzltftghkdqwsxfnx\">\n<div>\n<h1 class=\"brz-ff-overpass brz-ft-google brz-fs-lg-26 brz-fss-lg-px brz-fw-lg-400 brz-ls-lg-0 brz-lh-lg-1_7 brz-tp-lg-heading1 brz-css-wwdnx\" data-uniq-id=\"vwfqd\" data-generated-css=\"brz-css-szyhu\"><span style=\"color: rgb(255, 255, 255);\">Courses &amp; Events<\/span><\/h1>\n<\/div>\n<\/div>\n<\/div>\n<div class=\"brz-row__container brz-css-aeayk\" data-custom-id=\"aybkvtobjhgtxijboiwwieqlydlrbexstmft\">\n<div class=\"brz-bg overflow-hidden !z-auto absolute top-0 left-0 w-full h-full\"><\/div>\n<div class=\"brz-row brz-row--inner brz-css-aizyu\">\n<div class=\"brz-columns brz-css-ikrow brz-css-pobzw\" data-custom-id=\"ymgzozvehaxknlgcqupnmflpqpfystlkibsv\">\n<div class=\"brz-bg overflow-hidden !z-auto absolute top-0 left-0 w-full h-full\">\n<div class=\"brz-bg-color absolute top-0 left-0 w-full h-full\"><\/div>\n<\/div>\n<div class=\"brz-column__items brz-css-gidiz\">\n<div class=\"brz-css-xdtgw brz-wrapper\">\n<div class=\"brz-rich-text brz-rich-text__custom brz-css-zrmnk\" data-custom-id=\"cltlwsmpwqexdzawqpeegoismidqyojmpjtn\">\n<div>\n<p class=\"brz-tp-lg-paragraph brz-css-xmoxe\" data-uniq-id=\"aziwx\" data-generated-css=\"brz-css-btyvj\"><span style=\"color: rgb(255, 255, 255);\">AL Prospecta puede ser tu aliado ideal para organizar un congreso, conferencia o curso t\u00e9cnico con un programa de alto nivel para tus clientes o equipo de trabajo. <\/span><\/p>\n<p class=\"brz-tp-lg-paragraph brz-css-fldzz\" data-uniq-id=\"aziwx\" data-generated-css=\"brz-css-btyvj\"><span style=\"color: rgb(255, 255, 255);\"> <\/span><\/p>\n<p class=\"brz-tp-lg-paragraph brz-css-qtlvx\" data-uniq-id=\"cxmvr\" data-generated-css=\"brz-css-gmjhf\"><span style=\"color: rgb(255, 255, 255);\">Apoyamos a empresas y organizaciones a definir objetivos, t\u00f3picos, identificar y contactar relatores y visitantes, y acompa\u00f1arlas en todo el proceso de organizaci\u00f3n y desarrollo.<\/span><\/p>\n<p class=\"brz-tp-lg-paragraph brz-css-ccmdq\" data-uniq-id=\"cxmvr\" data-generated-css=\"brz-css-gmjhf\"><span style=\"color: rgb(255, 255, 255);\"> <\/span><\/p>\n<p class=\"brz-tp-lg-paragraph brz-css-vttin\" data-uniq-id=\"cfikj\" data-generated-css=\"brz-css-vjrzb\"><span style=\"color: rgb(255, 255, 255);\">Adem\u00e1s, AL Prospecta ofrece los siguientes cursos de capacitaci\u00f3n con el objetivo de actualizar conocimientos de los equipos t\u00e9cnicos, profesionales y ejecutivos de organizaciones de gobierno, empresas productivas y tecnol\u00f3gicas, y contamos con un equipo de relatoras y relatores.<\/span><\/p>\n<\/div>\n<\/div>\n<\/div>\n<\/div>\n<\/div>\n<\/div>\n<\/div>\n<div class=\"brz-row__container brz-css-aeayk\" data-custom-id=\"kmocjhwymowrosrfqhdszmwdluynszumbucg\">\n<div class=\"brz-bg overflow-hidden !z-auto absolute top-0 left-0 w-full h-full\"><\/div>\n<div class=\"brz-row brz-row--inner brz-css-aizyu\">\n<div class=\"brz-columns brz-css-ikrow brz-css-xgwgf\" data-custom-id=\"dgpematytijwtgorhudmqcrmzpuyyawptbfw\">\n<div class=\"brz-bg overflow-hidden !z-auto absolute top-0 left-0 w-full h-full\"><\/div>\n<div class=\"brz-column__items brz-css-gidiz\">\n<div data-iteration-count=\"1\" class=\"brz-css-xdtgw brz-wrapper brz-animated brz-css-jmtyb brz-css-ocigh\" data-animationid=\"djrfttfikixhpldudauhtzugycimzloiemof\">\n<div class=\"brz-rich-text brz-rich-text__custom brz-css-zrmnk\" data-custom-id=\"eaeujmizonrugzgrbbnsihspkvodnecilvrs\">\n<div>\n<h1 data-generated-css=\"brz-css-fnzzb\" data-uniq-id=\"watqn\" class=\"brz-lh-lg-1_7 brz-ls-lg-0 brz-fw-lg-400 brz-fss-lg-px brz-fs-lg-26 brz-ft-google brz-ff-overpass brz-tp-lg-abovetitle brz-css-gnoqg\"><span style=\"color: rgb(255, 255, 255);\">Some training courses:<\/span><\/h1>\n<\/div>\n<\/div>\n<\/div>\n<\/div>\n<\/div>\n<\/div>\n<\/div>\n<div class=\"brz-row__container brz-css-aeayk\" data-custom-id=\"oggvlqkacyhqjlrspfauuwkvgwwlmvcijozv\">\n<div class=\"brz-bg overflow-hidden !z-auto absolute top-0 left-0 w-full h-full\"><\/div>\n<div class=\"brz-row brz-row--inner brz-css-aizyu\">\n<div class=\"brz-columns brz-css-ikrow brz-css-pgijn\" data-custom-id=\"xtghedkxvmgxacxkrnneqnlamytovnvnhvif\">\n<div class=\"brz-bg overflow-hidden !z-auto absolute top-0 left-0 w-full h-full\">\n<div class=\"brz-bg-color absolute top-0 left-0 w-full h-full\"><\/div>\n<\/div>\n<div class=\"brz-column__items brz-css-gidiz\">\n<div data-iteration-count=\"1\" class=\"brz-css-xdtgw brz-wrapper brz-animated brz-css-jmtyb brz-css-hfwim\" data-animationid=\"cqqrthjfdchhmtihuvlkwbotmusdvpohvlhg\">\n<div class=\"brz-rich-text brz-rich-text__custom brz-css-zrmnk\" data-custom-id=\"kattjcohszqhdnuoywefhkphatzrursbcmdw\">\n<div>\n<h1 class=\"brz-ff-overpass brz-ft-google brz-fs-lg-26 brz-fss-lg-px brz-fw-lg-400 brz-ls-lg-0 brz-lh-lg-1_7 brz-tp-lg-heading1 brz-css-qewxd\" data-uniq-id=\"pmawc\" data-generated-css=\"brz-css-aehgf\"><span style=\"color: rgb(255, 255, 255);\">Asociatividad y Formaci\u00f3n de Cl\u00faster en Recursos Naturales<\/span><\/h1>\n<\/div>\n<\/div>\n<\/div>\n<div class=\"brz-css-xdtgw brz-wrapper\">\n<div class=\"brz-rich-text brz-rich-text__custom brz-css-zrmnk\" data-custom-id=\"erawcmmsyhneutnejgalvwptpjeyozvcuwcm\">\n<div>\n<ul>\n<li data-generated-css=\"brz-css-rplik\" data-uniq-id=\"fzeiu\" class=\"brz-tp-lg-paragraph brz-css-fwrdi\" style=\"color: rgb(255, 255, 255);\"><span style=\"color: rgb(255, 255, 255);\">Nociones generales en formaci\u00f3n de cl\u00faster: teor\u00eda y pr\u00e1ctica<\/span><\/li>\n<li data-generated-css=\"brz-css-rplik\" data-uniq-id=\"fzeiu\" class=\"brz-tp-lg-paragraph brz-css-kgqvx\" style=\"color: rgb(255, 255, 255);\"><span style=\"color: rgb(255, 255, 255);\">Experiencia en pa\u00edses desarrollados, Am\u00e9rica Latina y Chile: rol del Estado y el sector productivo con estudios de caso y lecciones aprendida<\/span>s.<\/li>\n<\/ul>\n<\/div>\n<\/div>\n<\/div>\n<\/div>\n<\/div>\n<div class=\"brz-columns brz-css-ikrow brz-css-qfdii\" data-custom-id=\"zzoahxeplvowhcgbtldphvocfuababgcxwla\">\n<div class=\"brz-bg overflow-hidden !z-auto absolute top-0 left-0 w-full h-full\">\n<div class=\"brz-bg-color absolute top-0 left-0 w-full h-full\"><\/div>\n<\/div>\n<div class=\"brz-column__items brz-css-gidiz\">\n<div data-iteration-count=\"1\" class=\"brz-css-xdtgw brz-wrapper brz-animated brz-css-jmtyb brz-css-msdad\" data-animationid=\"newfmabtjrawvtjtmfbzqyfrbydlturvvwpz\">\n<div class=\"brz-rich-text brz-rich-text__custom brz-css-zrmnk\" data-custom-id=\"qptqzqnfbylelvpudggqjsnpqhsmujkelnbc\">\n<div>\n<h1 class=\"brz-ff-overpass brz-ft-google brz-fs-lg-26 brz-fss-lg-px brz-fw-lg-400 brz-ls-lg-0 brz-lh-lg-1_7 brz-tp-lg-heading1 brz-css-vzysx\" data-uniq-id=\"aqgyx\" data-generated-css=\"brz-css-tutln\"><span style=\"color: rgb(255, 255, 255);\">Desarrollo e Industrializaci\u00f3n de China: Implicancias para Chile<\/span><\/h1>\n<\/div>\n<\/div>\n<\/div>\n<div class=\"brz-css-xdtgw brz-wrapper\">\n<div class=\"brz-rich-text brz-rich-text__custom brz-css-zrmnk\" data-custom-id=\"utpfznevxolhodfyhqijinewsjjbsukiopgb\">\n<div>\n<ul>\n<li class=\"brz-tp-lg-paragraph brz-css-iolgh\" data-uniq-id=\"iliqo\" data-generated-css=\"brz-css-dqlci\" style=\"color: rgb(255, 255, 255);\"><span style=\"color: rgb(255, 255, 255);\">Visi\u00f3n general del desarrollo pol\u00edtico, econ\u00f3mico y cultural chino con \u00e9nfasis en el contexto actual y posicionamiento de China en la econom\u00eda mundial<\/span><\/li>\n<li class=\"brz-tp-lg-paragraph brz-css-yumbg\" data-uniq-id=\"iybzh\" data-generated-css=\"brz-css-kgpaf\" style=\"color: rgb(255, 255, 255);\"><span style=\"color: rgb(255, 255, 255);\">An\u00e1lisis del desarrollo tecnol\u00f3gico de China, con \u00e9nfasis en miner\u00eda y metalurgia<\/span><\/li>\n<li class=\"brz-tp-lg-paragraph brz-css-ivofo\" data-uniq-id=\"nqgoj\" data-generated-css=\"brz-css-teybk\" style=\"color: rgb(255, 255, 255);\"><span style=\"color: rgb(255, 255, 255);\">An\u00e1lisis de la explotaci\u00f3n y procesamiento de recursos mineros<\/span><\/li>\n<li class=\"brz-tp-lg-paragraph brz-css-vimnt\" data-uniq-id=\"whzoe\" data-generated-css=\"brz-css-eyjkd\" style=\"color: rgb(255, 255, 255);\"><span style=\"color: rgb(255, 255, 255);\">An\u00e1lisis de la relaci\u00f3n bilateral Chile \u2013 China, y sus implicancias para la econom\u00eda chilena.<\/span><\/li>\n<\/ul>\n<\/div>\n<\/div>\n<\/div>\n<\/div>\n<\/div>\n<\/div>\n<\/div>\n<div class=\"brz-row__container brz-css-aeayk\" data-custom-id=\"eeuqmewxlneauvlyjzgjutvhxjrhsriboduj\">\n<div class=\"brz-bg overflow-hidden !z-auto absolute top-0 left-0 w-full h-full\"><\/div>\n<div class=\"brz-row brz-row--inner brz-css-aizyu\">\n<div class=\"brz-columns brz-css-ikrow brz-css-uugld\" data-custom-id=\"obbgdyqepjsquygcyjwwonvxbjrfgbglbghx\">\n<div class=\"brz-bg overflow-hidden !z-auto absolute top-0 left-0 w-full h-full\">\n<div class=\"brz-bg-color absolute top-0 left-0 w-full h-full\"><\/div>\n<\/div>\n<div class=\"brz-column__items brz-css-gidiz\">\n<div data-iteration-count=\"1\" class=\"brz-css-xdtgw brz-wrapper brz-animated brz-css-jmtyb brz-css-klgtf\" data-animationid=\"anwutdybafyyeyxbynfabdxpziabwoovulcr\">\n<div class=\"brz-rich-text brz-rich-text__custom brz-css-zrmnk\" data-custom-id=\"xcefhmktznffxiakhpcmopqpujmplhzrulid\">\n<div>\n<h1 class=\"brz-ff-overpass brz-ft-google brz-fs-lg-26 brz-fss-lg-px brz-fw-lg-400 brz-ls-lg-0 brz-lh-lg-1_7 brz-tp-lg-heading1 brz-css-apwkz\" data-uniq-id=\"zuglu\" data-generated-css=\"brz-css-ofbyv\"><span style=\"color: rgb(255, 255, 255);\">Situaci\u00f3n Ambiental en la Industria Minera y Metal\u00fargica (Chile y Per\u00fa)<\/span><\/h1>\n<\/div>\n<\/div>\n<\/div>\n<div class=\"brz-css-xdtgw brz-wrapper\">\n<div class=\"brz-rich-text brz-rich-text__custom brz-css-zrmnk\" data-custom-id=\"auzkrwixyzlldhqsbdpgkzwedgvtbzxgglux\">\n<div>\n<ul>\n<li class=\"brz-tp-lg-paragraph brz-css-zyugp\" data-generated-css=\"brz-css-hsbrh\" data-uniq-id=\"jfzgl\" style=\"color: rgb(255, 255, 255);\"><span style=\"color: rgb(255, 255, 255);\">Desarrollo del sector con una visi\u00f3n actual en t\u00e9rminos de producci\u00f3n y acceso a mercados, inversiones, principales actores, etc.<\/span><\/li>\n<li class=\"brz-tp-lg-paragraph brz-css-zxmrk\" data-generated-css=\"brz-css-monsr\" data-uniq-id=\"gphcv\" style=\"color: rgb(255, 255, 255);\"><span style=\"color: rgb(255, 255, 255);\">An\u00e1lisis de los Principales procesos de producci\u00f3n primaria con estudio de casos<\/span><\/li>\n<li class=\"brz-tp-lg-paragraph brz-css-dxdre\" data-generated-css=\"brz-css-alxym\" data-uniq-id=\"fpprf\" style=\"color: rgb(255, 255, 255);\"><span style=\"color: rgb(255, 255, 255);\">Regulatory trends<\/span><\/li>\n<li class=\"brz-tp-lg-paragraph brz-css-nrbmz\" data-generated-css=\"brz-css-bxbit\" data-uniq-id=\"udlaj\" style=\"color: rgb(255, 255, 255);\"><span style=\"color: rgb(255, 255, 255);\">Evaluaci\u00f3n y Manejo de Riesgos<\/span><\/li>\n<li class=\"brz-tp-lg-paragraph brz-css-sajqs\" data-generated-css=\"brz-css-gihos\" data-uniq-id=\"onyjo\" style=\"color: rgb(255, 255, 255);\"><span style=\"color: rgb(255, 255, 255);\">Tecnolog\u00edas de Abatimiento y tratamiento de residuos<\/span><\/li>\n<\/ul>\n<\/div>\n<\/div>\n<\/div>\n<\/div>\n<\/div>\n<div class=\"brz-columns brz-css-ikrow brz-css-gnmth\" data-custom-id=\"jrzxyshhqhyizdwnfvxqlkljpoqknbtuljxn\">\n<div class=\"brz-bg overflow-hidden !z-auto absolute top-0 left-0 w-full h-full\">\n<div class=\"brz-bg-color absolute top-0 left-0 w-full h-full\"><\/div>\n<\/div>\n<div class=\"brz-column__items brz-css-gidiz\">\n<div data-iteration-count=\"1\" class=\"brz-css-xdtgw brz-wrapper brz-animated brz-css-jmtyb brz-css-zvwac\" data-animationid=\"qvpnbuhueubzzujapzbahoxkknpzeutgrgxq\">\n<div class=\"brz-rich-text brz-rich-text__custom brz-css-zrmnk\" data-custom-id=\"qxeyuispntkbvgywahfdijvmvfaeaobnxugs\">\n<div>\n<h1 class=\"brz-ff-overpass brz-ft-google brz-fs-lg-26 brz-fss-lg-px brz-fw-lg-400 brz-ls-lg-0 brz-lh-lg-1_7 brz-tp-lg-heading1 brz-css-eidys\" data-uniq-id=\"awwar\" data-generated-css=\"brz-css-slumt\"><span style=\"color: rgb(255, 255, 255);\">Gesti\u00f3n y Recuperaci\u00f3n de Metales desde Residuos Minero-metal\u00fargicos<\/span><\/h1>\n<\/div>\n<\/div>\n<\/div>\n<div class=\"brz-css-xdtgw brz-wrapper\">\n<div class=\"brz-rich-text brz-rich-text__custom brz-css-zrmnk\" data-custom-id=\"wkdctxvpvoorzgyjvrqqdncqpzvrgjvrjwwt\">\n<div>\n<ul>\n<li class=\"brz-tp-lg-paragraph brz-css-rened\" data-uniq-id=\"wctwa\" data-generated-css=\"brz-css-ydvpc\" style=\"color: rgb(255, 255, 255);\"><span style=\"color: rgb(255, 255, 255);\">Visi\u00f3n general de los procesos productivos involucrados, con \u00e9nfasis en la generaci\u00f3n de residuos y su impacto ambiental<\/span><\/li>\n<li class=\"brz-tp-lg-paragraph brz-css-bmzxf\" data-uniq-id=\"exgab\" data-generated-css=\"brz-css-elgxr\" style=\"color: rgb(255, 255, 255);\"><span style=\"color: rgb(255, 255, 255);\">An\u00e1lisis del marco regulatorio a nivel nacional e internacional<\/span><\/li>\n<li class=\"brz-tp-lg-paragraph brz-css-pejmb\" data-uniq-id=\"atryb\" data-generated-css=\"brz-css-sviyz\" style=\"color: rgb(255, 255, 255);\"><span style=\"color: rgb(255, 255, 255);\">An\u00e1lisis del desarrollo tecnol\u00f3gico y mejores tecnolog\u00edas disponibles para el manejo, tratamiento y disposici\u00f3n de residuos con estudios de casos<\/span><\/li>\n<li class=\"brz-tp-lg-paragraph brz-css-lunzy\" data-uniq-id=\"tndcs\" data-generated-css=\"brz-css-uxxig\" style=\"color: rgb(255, 255, 255);\"><span style=\"color: rgb(255, 255, 255);\">Recuperaci\u00f3n de metales: estudios de casos<\/span><\/li>\n<\/ul>\n<\/div>\n<\/div>\n<\/div>\n<\/div>\n<\/div>\n<\/div>\n<\/div>\n<div class=\"brz-row__container brz-css-aeayk\" data-custom-id=\"gbvgrfgnwyqbuemxpadkwzggsogpxihieqbw\">\n<div class=\"brz-bg overflow-hidden !z-auto absolute top-0 left-0 w-full h-full\"><\/div>\n<div class=\"brz-row brz-row--inner brz-css-aizyu brz-css-ovbrw\">\n<div class=\"brz-columns brz-css-ikrow brz-css-fggey\" data-custom-id=\"slcaslepmpavlxontvqpildbwdjyepjgwhfk\">\n<div class=\"brz-bg overflow-hidden !z-auto absolute top-0 left-0 w-full h-full\">\n<div class=\"brz-bg-color absolute top-0 left-0 w-full h-full\"><\/div>\n<\/div>\n<div class=\"brz-column__items brz-css-gidiz\">\n<div data-iteration-count=\"1\" class=\"brz-css-xdtgw brz-wrapper brz-animated brz-css-jmtyb brz-css-tzeik\" data-animationid=\"aghwfbugvustjkfjbpaeoitphpjjtywnowkh\">\n<div class=\"brz-rich-text brz-rich-text__custom brz-css-zrmnk\" data-custom-id=\"zkmvqfrapauhiwxwsbzzqihoanmgzscjmmbl\">\n<div>\n<h1 class=\"brz-ff-overpass brz-ft-google brz-fs-lg-26 brz-fss-lg-px brz-fw-lg-400 brz-ls-lg-0 brz-lh-lg-1_7 brz-tp-lg-heading1 brz-css-kdzyx\" data-uniq-id=\"psnzu\" data-generated-css=\"brz-css-pncfk\"><span style=\"color: rgb(255, 255, 255);\">Mejoras pr\u00e1cticas en procesamiento de minerales sulfurados<\/span><\/h1>\n<\/div>\n<\/div>\n<\/div>\n<div class=\"brz-css-xdtgw brz-wrapper\">\n<div class=\"brz-rich-text brz-rich-text__custom brz-css-zrmnk\" data-custom-id=\"lirpjzaqrbqzfdnvoimbubpawpoawtrnoval\">\n<div>\n<ul>\n<li class=\"brz-tp-lg-paragraph brz-css-apgmx\" data-generated-css=\"brz-css-lnkme\" data-uniq-id=\"hfbnt\" style=\"color: rgb(255, 255, 255);\"><span style=\"color: rgb(255, 255, 255);\">Introducci\u00f3n al procesamiento de minerales y an\u00e1lisis de las variables o par\u00e1metros m\u00e1s importantes a medir en el proceso<\/span><\/li>\n<li class=\"brz-tp-lg-paragraph brz-css-ujrvj\" data-generated-css=\"brz-css-ogphi\" data-uniq-id=\"kellz\" style=\"color: rgb(255, 255, 255);\"><span style=\"color: rgb(255, 255, 255);\">Descripci\u00f3n y an\u00e1lisis de los ensayos utilizados para medir las variables de proceso (protocolos)<\/span><\/li>\n<li class=\"brz-tp-lg-paragraph brz-css-ldcuq\" data-generated-css=\"brz-css-ceaum\" data-uniq-id=\"claid\" style=\"color: rgb(255, 255, 255);\"><span style=\"color: rgb(255, 255, 255);\">An\u00e1lisis de resultados a obtener y formas de comparaci\u00f3n con datos de proceso<\/span><\/li>\n<li class=\"brz-tp-lg-paragraph brz-css-jiypr\" data-generated-css=\"brz-css-gofre\" data-uniq-id=\"xrjon\" style=\"color: rgb(255, 255, 255);\"><span style=\"color: rgb(255, 255, 255);\">Estudios de casos de recuperaci\u00f3n de metales<\/span><\/li>\n<\/ul>\n<\/div>\n<\/div>\n<\/div>\n<\/div>\n<\/div>\n<\/div>\n<\/div>\n<div class=\"brz-row__container brz-css-aeayk\" data-custom-id=\"exsprmfpqbfkdfpctxfklhkmfvnyhltlvyva\">\n<div class=\"brz-bg overflow-hidden !z-auto absolute top-0 left-0 w-full h-full\"><\/div>\n<div class=\"brz-row brz-row--inner brz-css-aizyu\">\n<div class=\"brz-columns brz-css-ikrow brz-css-mdqpl\" data-custom-id=\"atceofaupqghbztomipxglbhjgttcbnsazsp\">\n<div class=\"brz-bg overflow-hidden !z-auto absolute top-0 left-0 w-full h-full\"><\/div>\n<div class=\"brz-column__items brz-css-gidiz\"><\/div>\n<\/div>\n<\/div>\n<\/div>\n<\/div>\n<\/div>\n<\/div>\n<\/div>\n<\/div>\n<\/div>\n<\/section>\n<\/div>\n<p>    <!-- version:1695688684 --><\/p>","protected":false},"excerpt":{"rendered":"<p>Cursos y Eventos AL Prospecta puede ser tu aliado ideal para organizar un congreso, conferencia o curso t\u00e9cnico con un programa de alto nivel para tus clientes o equipo de trabajo. Apoyamos a empresas y organizaciones a definir objetivos, t\u00f3picos, identificar y contactar relatores y visitantes, y acompa\u00f1arlas en todo el proceso de organizaci\u00f3n y desarrollo. Adem\u00e1s, AL Prospecta ofrece los siguientes cursos de capacitaci\u00f3n con el objetivo de actualizar conocimientos de los equipos t\u00e9cnicos, profesionales y ejecutivos de organizaciones de gobierno, empresas productivas y tecnol\u00f3gicas, y contamos con un equipo de relatoras y relatores. Algunos cursos dictados: Asociatividad y\u2026<\/p>","protected":false},"author":1,"featured_media":0,"parent":0,"menu_order":0,"comment_status":"closed","ping_status":"closed","template":"","meta":{"footnotes":""},"class_list":["post-1826","page","type-page","status-publish","hentry"],"blocksy_meta":{"page_title_panel":"","has_hero_section":"disabled","5c2b5463970accc0befbedc4dd7d5ca6":"","hero_section":"type-1","hero_elements":[{"id":"custom_title","enabled":true,"heading_tag":"h1","title":"Home"},{"id":"custom_description","enabled":true,"description_visibility":{"desktop":true,"tablet":true,"mobile":false}},{"id":"custom_meta","enabled":false,"meta_elements":[{"id":"author","enabled":true,"label":"By","has_author_avatar":"yes","avatar_size":25},{"id":"post_date","enabled":true,"label":"On","date_format_source":"default","date_format":"M j, Y"},{"id":"comments","enabled":true}],"page_meta_elements":{"joined":true,"articles_count":true,"comments":true}},{"id":"breadcrumbs","enabled":false}],"26f75b970aa79e3c28002b2ea5095718":"","hero_alignment1":"left","hero_alignment2":"center","hero_vertical_alignment":"center","6771f2f34cc3e9ad28a5ac27daa3cebc":"","hero_structure":"narrow","44987c49ca541051e359db315e4fe525":"","page_title_bg_type":"featured_image","custom_hero_background":{"attachment_id":null},"parallax":{"desktop":false,"tablet":false,"mobile":false},"4787faee7f49c6f172937d521043be7e":"","hero_height":"250px","pageTitleFont":{"family":"Default","variation":"Default","size":{"desktop":"32px","tablet":"30px","mobile":"25px"},"line-height":"CT_CSS_SKIP_RULE","letter-spacing":"CT_CSS_SKIP_RULE","text-transform":"CT_CSS_SKIP_RULE","text-decoration":"CT_CSS_SKIP_RULE"},"pageTitleFontColor":{"default":{"color":"CT_CSS_SKIP_RULEDEFAULT"}},"pageMetaFont":{"family":"Default","variation":"n6","size":{"desktop":"12px","tablet":"12px","mobile":"12px"},"line-height":"1.3","letter-spacing":"CT_CSS_SKIP_RULE","text-transform":"uppercase","text-decoration":"CT_CSS_SKIP_RULE"},"pageMetaFontColor":{"default":{"color":"CT_CSS_SKIP_RULEDEFAULT"},"hover":{"color":"CT_CSS_SKIP_RULEDEFAULT"}},"pageExcerptFont":{"family":"Default","variation":"Default","size":"CT_CSS_SKIP_RULE","line-height":"CT_CSS_SKIP_RULE","letter-spacing":"CT_CSS_SKIP_RULE","text-transform":"CT_CSS_SKIP_RULE","text-decoration":"CT_CSS_SKIP_RULE"},"pageExcerptColor":{"default":{"color":"CT_CSS_SKIP_RULEDEFAULT"}},"breadcrumbsFont":{"family":"Default","variation":"n6","size":"12px","line-height":"CT_CSS_SKIP_RULE","letter-spacing":"CT_CSS_SKIP_RULE","text-transform":"uppercase","text-decoration":"CT_CSS_SKIP_RULE"},"breadcrumbsFontColor":{"default":{"color":"CT_CSS_SKIP_RULEDEFAULT"},"initial":{"color":"CT_CSS_SKIP_RULEDEFAULT"},"hover":{"color":"CT_CSS_SKIP_RULEDEFAULT"}},"pageTitleOverlay":{"default":{"color":"rgba(41, 51, 60, 0.2)"}},"pageTitleBackground":{"background_type":"color","background_pattern":"type-1","background_image":{"attachment_id":null,"x":0,"y":0},"background_repeat":"no-repeat","background_size":"auto","background_attachment":"scroll","patternColor":{"default":{"color":"#e5e7ea"}},"backgroundColor":{"default":{"color":"#EDEFF2"}}},"6c91c1678000458598b8899793389c0d":"","page_structure_type":"default","content_style":"inherit","vertical_spacing_source":"custom","content_area_spacing":"none","background":{"background_type":"color","background_pattern":"type-1","background_image":{"attachment_id":null,"x":0,"y":0},"background_repeat":"no-repeat","background_size":"auto","background_attachment":"scroll","patternColor":{"default":{"color":"#e5e7ea"}},"backgroundColor":{"default":{"color":"CT_CSS_SKIP_RULE"}}},"content_background":{"background_type":"color","background_pattern":"type-1","background_image":{"attachment_id":null,"x":0,"y":0},"background_repeat":"no-repeat","background_size":"auto","background_attachment":"scroll","patternColor":{"default":{"color":"#e5e7ea"}},"backgroundColor":{"default":{"color":"#ffffff"}}},"content_boxed_spacing":{"desktop":"40px","tablet":"35px","mobile":"20px"},"content_boxed_radius":{"top":"3px","bottom":"3px","left":"3px","right":"3px","linked":true},"content_boxed_shadow":{"blur":18,"spread":-6,"v_offset":12,"h_offset":0,"inset":false,"enable":true,"color":{"color":"rgba(34, 56, 101, 0.04)"}},"21e8067b341dffa35d83b1b83fa4ba17":"","disable_featured_image":"no","disable_header":"no","disable_footer":"no","styles_descriptor":{"styles":{"desktop":"","tablet":"","mobile":""},"google_fonts":[],"version":5}},"_links":{"self":[{"href":"https:\/\/alprospecta.cl\/en\/wp-json\/wp\/v2\/pages\/1826","targetHints":{"allow":["GET"]}}],"collection":[{"href":"https:\/\/alprospecta.cl\/en\/wp-json\/wp\/v2\/pages"}],"about":[{"href":"https:\/\/alprospecta.cl\/en\/wp-json\/wp\/v2\/types\/page"}],"author":[{"embeddable":true,"href":"https:\/\/alprospecta.cl\/en\/wp-json\/wp\/v2\/users\/1"}],"replies":[{"embeddable":true,"href":"https:\/\/alprospecta.cl\/en\/wp-json\/wp\/v2\/comments?post=1826"}],"version-history":[{"count":12,"href":"https:\/\/alprospecta.cl\/en\/wp-json\/wp\/v2\/pages\/1826\/revisions"}],"predecessor-version":[{"id":2669,"href":"https:\/\/alprospecta.cl\/en\/wp-json\/wp\/v2\/pages\/1826\/revisions\/2669"}],"wp:attachment":[{"href":"https:\/\/alprospecta.cl\/en\/wp-json\/wp\/v2\/media?parent=1826"}],"curies":[{"name":"wp","href":"https:\/\/api.w.org\/{rel}","templated":true}]}}